{"id":1890,"date":"2025-08-28T14:17:33","date_gmt":"2025-08-28T12:17:33","guid":{"rendered":"https:\/\/www.mobilfixarna.se\/?page_id=1890"},"modified":"2026-01-04T14:59:20","modified_gmt":"2026-01-04T13:59:20","slug":"bokning","status":"publish","type":"page","link":"https:\/\/www.mobilfixarna.se\/index.php\/bokning\/","title":{"rendered":"Bokning"},"content":{"rendered":"\t\t<div data-elementor-type=\"wp-page\" data-elementor-id=\"1890\" class=\"elementor elementor-1890\" data-elementor-post-type=\"page\">\n\t\t\t\t\t\t<section class=\"elementor-section elementor-top-section elementor-element elementor-element-6a305875 elementor-section-boxed elementor-section-height-default elementor-section-height-default\" data-id=\"6a305875\" data-element_type=\"section\" data-settings=\"{&quot;background_background&quot;:&quot;classic&quot;}\">\n\t\t\t\t\t\t\t<div class=\"elementor-background-overlay\"><\/div>\n\t\t\t\t\t\t\t<div class=\"elementor-container elementor-column-gap-default\">\n\t\t\t\t\t<div class=\"elementor-column elementor-col-100 elementor-top-column elementor-element elementor-element-54b91aa2\" data-id=\"54b91aa2\" data-element_type=\"column\">\n\t\t\t<div class=\"elementor-widget-wrap elementor-element-populated\">\n\t\t\t\t\t\t<div class=\"elementor-element elementor-element-716b2de0 elementor-widget elementor-widget-heading\" data-id=\"716b2de0\" data-element_type=\"widget\" data-widget_type=\"heading.default\">\n\t\t\t\t\t<h1 class=\"elementor-heading-title elementor-size-default\">Tidsbokning<\/h1>\t\t\t\t<\/div>\n\t\t\t\t<div class=\"elementor-element elementor-element-197a0851 elementor-widget-divider--view-line elementor-widget elementor-widget-divider\" data-id=\"197a0851\" data-element_type=\"widget\" data-widget_type=\"divider.default\">\n\t\t\t\t\t\t\t<div class=\"elementor-divider\">\n\t\t\t<span class=\"elementor-divider-separator\">\n\t\t\t\t\t\t<\/span>\n\t\t<\/div>\n\t\t\t\t\t\t<\/div>\n\t\t\t\t\t<\/div>\n\t\t<\/div>\n\t\t\t\t\t<\/div>\n\t\t<\/section>\n\t\t\t\t<section class=\"elementor-section elementor-top-section elementor-element elementor-element-4e57701 elementor-section-boxed elementor-section-height-default elementor-section-height-default\" data-id=\"4e57701\" data-element_type=\"section\">\n\t\t\t\t\t\t<div class=\"elementor-container elementor-column-gap-default\">\n\t\t\t\t\t<div class=\"elementor-column elementor-col-100 elementor-top-column elementor-element elementor-element-5f32e9c6\" data-id=\"5f32e9c6\" data-element_type=\"column\">\n\t\t\t<div class=\"elementor-widget-wrap elementor-element-populated\">\n\t\t\t\t\t\t<div class=\"elementor-element elementor-element-1a0ca5bd elementor-widget elementor-widget-heading\" data-id=\"1a0ca5bd\" data-element_type=\"widget\" data-widget_type=\"heading.default\">\n\t\t\t\t\t<span class=\"elementor-heading-title elementor-size-default\">Tidsbokning<\/span>\t\t\t\t<\/div>\n\t\t\t\t<div class=\"elementor-element elementor-element-43920084 elementor-widget elementor-widget-heading\" data-id=\"43920084\" data-element_type=\"widget\" data-widget_type=\"heading.default\">\n\t\t\t\t\t<h2 class=\"elementor-heading-title elementor-size-default\">Boka nu<\/h2>\t\t\t\t<\/div>\n\t\t\t\t<div class=\"elementor-element elementor-element-ca1e37f elementor-widget-divider--view-line elementor-widget elementor-widget-divider\" data-id=\"ca1e37f\" data-element_type=\"widget\" data-widget_type=\"divider.default\">\n\t\t\t\t\t\t\t<div class=\"elementor-divider\">\n\t\t\t<span class=\"elementor-divider-separator\">\n\t\t\t\t\t\t<\/span>\n\t\t<\/div>\n\t\t\t\t\t\t<\/div>\n\t\t\t\t\t<\/div>\n\t\t<\/div>\n\t\t\t\t\t<\/div>\n\t\t<\/section>\n\t\t<div class=\"elementor-element elementor-element-0fd3cc1 e-flex e-con-boxed e-con e-parent\" data-id=\"0fd3cc1\" data-element_type=\"container\">\n\t\t\t\t\t<div class=\"e-con-inner\">\n\t\t\t\t<div class=\"elementor-element elementor-element-fb747cc elementor-widget elementor-widget-text-editor\" data-id=\"fb747cc\" data-element_type=\"widget\" data-widget_type=\"text-editor.default\">\n\t\t\t\t\t\t\t\t\t<p><em data-start=\"272\" data-end=\"428\">V\u00e4lj hur du vill reparera mobilen och boka din tid nu.<\/em><\/p>\t\t\t\t\t\t\t\t<\/div>\n\t\t\t\t\t<\/div>\n\t\t\t\t<\/div>\n\t\t<div class=\"elementor-element elementor-element-3a4992a e-flex e-con-boxed e-con e-parent\" data-id=\"3a4992a\" data-element_type=\"container\">\n\t\t\t\t\t<div class=\"e-con-inner\">\n\t\t\t\t<div class=\"elementor-element elementor-element-1c2b735 elementor-widget elementor-widget-stepbooking\" data-id=\"1c2b735\" data-element_type=\"widget\" data-widget_type=\"stepbooking.default\">\n\t\t\t\t<div class=\"elementor-widget-container\">\n\t\t\t\t\t\n<script>\n  if (typeof hasAmeliaEntitiesApiCall === 'undefined' && ('' === '' && '' !== '1')) {\n    var hasAmeliaEntitiesApiCall = true;\n  }\n  var ameliaShortcodeData = (typeof ameliaShortcodeData === 'undefined') ? [] : ameliaShortcodeData;\n  ameliaShortcodeData.push(\n    {\n      'hasApiCall': (typeof hasAmeliaEntitiesApiCall !== 'undefined') && hasAmeliaEntitiesApiCall,\n      'trigger': '',\n      'trigger_type': '',\n      'triggered_form': 'sbsNew',\n      'in_dialog': '',\n      'show': '',\n      'counter': '1000',\n      'category': '',\n      'service': '',\n      'employee': '',\n      'location': '',\n      'package': '',\n      'layout': '2',\n    }\n  );\n\n  var ameliaShortcodeDataTriggered = (typeof ameliaShortcodeDataTriggered === 'undefined') ? [] : ameliaShortcodeDataTriggered;\n  if (ameliaShortcodeData[ameliaShortcodeData.length - 1].trigger !== '') {\n    if (ameliaShortcodeDataTriggered.filter(a => a.counter === ameliaShortcodeData[ameliaShortcodeData.length - 1].counter).length === 0) {\n      ameliaShortcodeDataTriggered.push(ameliaShortcodeData.pop());\n    } else {\n      ameliaShortcodeData.pop()\n    }\n  }\n  if (typeof hasAmeliaEntitiesApiCall !== 'undefined' && hasAmeliaEntitiesApiCall) {\n    hasAmeliaEntitiesApiCall = false;\n  }\n<\/script>\n\n<div\n  id=\"amelia-v2-booking-1000\"\n  class=\"amelia-v2-booking\"\n >\n    <step-form-wrapper><\/step-form-wrapper><\/div>\n\t\t\t\t<\/div>\n\t\t\t\t<\/div>\n\t\t\t\t\t<\/div>\n\t\t\t\t<\/div>\n\t\t\t\t<section class=\"elementor-section elementor-top-section elementor-element elementor-element-122cf18e elementor-section-content-middle elementor-section-boxed elementor-section-height-default elementor-section-height-default\" data-id=\"122cf18e\" data-element_type=\"section\" data-settings=\"{&quot;background_background&quot;:&quot;classic&quot;}\">\n\t\t\t\t\t\t<div class=\"elementor-container elementor-column-gap-default\">\n\t\t\t\t\t<div class=\"elementor-column elementor-col-50 elementor-top-column elementor-element elementor-element-7440b968\" data-id=\"7440b968\" data-element_type=\"column\">\n\t\t\t<div class=\"elementor-widget-wrap elementor-element-populated\">\n\t\t\t\t\t\t<div class=\"elementor-element elementor-element-7f5c19aa elementor-widget elementor-widget-heading\" data-id=\"7f5c19aa\" data-element_type=\"widget\" data-widget_type=\"heading.default\">\n\t\t\t\t\t<span class=\"elementor-heading-title elementor-size-default\">Kontakt<\/span>\t\t\t\t<\/div>\n\t\t\t\t<div class=\"elementor-element elementor-element-683829fd elementor-widget elementor-widget-heading\" data-id=\"683829fd\" data-element_type=\"widget\" data-widget_type=\"heading.default\">\n\t\t\t\t\t<h2 class=\"elementor-heading-title elementor-size-default\"><span style=\"letter-spacing: 1.6px\">Har du en fr\u00e5ga? H\u00f6r av dig till oss!<\/span><\/h2>\t\t\t\t<\/div>\n\t\t\t\t<div class=\"elementor-element elementor-element-13b98f9c elementor-widget-divider--view-line elementor-widget elementor-widget-divider\" data-id=\"13b98f9c\" data-element_type=\"widget\" data-widget_type=\"divider.default\">\n\t\t\t\t\t\t\t<div class=\"elementor-divider\">\n\t\t\t<span class=\"elementor-divider-separator\">\n\t\t\t\t\t\t<\/span>\n\t\t<\/div>\n\t\t\t\t\t\t<\/div>\n\t\t\t\t<div class=\"elementor-element elementor-element-10cc14ea elementor-widget elementor-widget-text-editor\" data-id=\"10cc14ea\" data-element_type=\"widget\" data-widget_type=\"text-editor.default\">\n\t\t\t\t\t\t\t\t\t<p>Vi finns h\u00e4r f\u00f6r att hj\u00e4lpa dig \u2013 oavsett om det g\u00e4ller en snabb reparation, abonnemang eller r\u00e5dgivning.<\/p>\t\t\t\t\t\t\t\t<\/div>\n\t\t\t\t<div class=\"elementor-element elementor-element-13743a94 elementor-mobile-align-center elementor-widget elementor-widget-button\" data-id=\"13743a94\" data-element_type=\"widget\" data-widget_type=\"button.default\">\n\t\t\t\t\t\t\t\t\t\t<a class=\"elementor-button elementor-button-link elementor-size-lg\" href=\"https:\/\/www.mobilfixarna.se\/index.php\/elementor-1895\/\">\n\t\t\t\t\t\t<span class=\"elementor-button-content-wrapper\">\n\t\t\t\t\t\t\t\t\t<span class=\"elementor-button-text\">kontakta oss<\/span>\n\t\t\t\t\t<\/span>\n\t\t\t\t\t<\/a>\n\t\t\t\t\t\t\t\t<\/div>\n\t\t\t\t\t<\/div>\n\t\t<\/div>\n\t\t\t\t<div class=\"elementor-column elementor-col-50 elementor-top-column elementor-element elementor-element-f78b15b\" data-id=\"f78b15b\" data-element_type=\"column\">\n\t\t\t<div class=\"elementor-widget-wrap elementor-element-populated\">\n\t\t\t\t\t\t<div class=\"elementor-element elementor-element-327e23c1 elementor-widget elementor-widget-image\" data-id=\"327e23c1\" data-element_type=\"widget\" data-widget_type=\"image.default\">\n\t\t\t\t\t\t\t\t\t\t\t\t\t\t\t<img fetchpriority=\"high\" decoding=\"async\" width=\"800\" height=\"800\" src=\"https:\/\/www.mobilfixarna.se\/wp-content\/uploads\/2025\/08\/ChatGPT-Image-27-aug.-2025-12_19_12.png\" class=\"attachment-large size-large wp-image-1797\" alt=\"\" srcset=\"https:\/\/www.mobilfixarna.se\/wp-content\/uploads\/2025\/08\/ChatGPT-Image-27-aug.-2025-12_19_12.png 1024w, https:\/\/www.mobilfixarna.se\/wp-content\/uploads\/2025\/08\/ChatGPT-Image-27-aug.-2025-12_19_12-300x300.png 300w, https:\/\/www.mobilfixarna.se\/wp-content\/uploads\/2025\/08\/ChatGPT-Image-27-aug.-2025-12_19_12-150x150.png 150w, https:\/\/www.mobilfixarna.se\/wp-content\/uploads\/2025\/08\/ChatGPT-Image-27-aug.-2025-12_19_12-768x768.png 768w, https:\/\/www.mobilfixarna.se\/wp-content\/uploads\/2025\/08\/ChatGPT-Image-27-aug.-2025-12_19_12-600x600.png 600w, https:\/\/www.mobilfixarna.se\/wp-content\/uploads\/2025\/08\/ChatGPT-Image-27-aug.-2025-12_19_12-100x100.png 100w\" sizes=\"(max-width: 800px) 100vw, 800px\" \/>\t\t\t\t\t\t\t\t\t\t\t\t\t\t\t<\/div>\n\t\t\t\t\t<\/div>\n\t\t<\/div>\n\t\t\t\t\t<\/div>\n\t\t<\/section>\n\t\t<div class=\"elementor-element elementor-element-eb9f907 e-flex e-con-boxed e-con e-parent\" data-id=\"eb9f907\" data-element_type=\"container\">\n\t\t\t\t\t<div class=\"e-con-inner\">\n\t\t\t\t\t<\/div>\n\t\t\t\t<\/div>\n\t\t\t\t<\/div>\n\t\t","protected":false},"excerpt":{"rendered":"<p>Tidsbokning Tidsbokning Boka nu V\u00e4lj hur du vill reparera mobilen och boka din tid nu. Kontakt Har du en fr\u00e5ga? H\u00f6r av dig till oss! Vi finns h\u00e4r f\u00f6r att hj\u00e4lpa dig \u2013 oavsett om det g\u00e4ller en snabb reparation, abonnemang eller r\u00e5dgivning. kontakta oss<\/p>\n","protected":false},"author":1,"featured_media":0,"parent":0,"menu_order":0,"comment_status":"closed","ping_status":"closed","template":"","meta":{"footnotes":""},"class_list":["post-1890","page","type-page","status-publish","hentry"],"_links":{"self":[{"href":"https:\/\/www.mobilfixarna.se\/index.php\/wp-json\/wp\/v2\/pages\/1890","targetHints":{"allow":["GET"]}}],"collection":[{"href":"https:\/\/www.mobilfixarna.se\/index.php\/wp-json\/wp\/v2\/pages"}],"about":[{"href":"https:\/\/www.mobilfixarna.se\/index.php\/wp-json\/wp\/v2\/types\/page"}],"author":[{"embeddable":true,"href":"https:\/\/www.mobilfixarna.se\/index.php\/wp-json\/wp\/v2\/users\/1"}],"replies":[{"embeddable":true,"href":"https:\/\/www.mobilfixarna.se\/index.php\/wp-json\/wp\/v2\/comments?post=1890"}],"version-history":[{"count":64,"href":"https:\/\/www.mobilfixarna.se\/index.php\/wp-json\/wp\/v2\/pages\/1890\/revisions"}],"predecessor-version":[{"id":3593,"href":"https:\/\/www.mobilfixarna.se\/index.php\/wp-json\/wp\/v2\/pages\/1890\/revisions\/3593"}],"wp:attachment":[{"href":"https:\/\/www.mobilfixarna.se\/index.php\/wp-json\/wp\/v2\/media?parent=1890"}],"curies":[{"name":"wp","href":"https:\/\/api.w.org\/{rel}","templated":true}]}}