{"id":3,"date":"2025-08-11T14:13:22","date_gmt":"2025-08-11T12:13:22","guid":{"rendered":"http:\/\/192.168.1.112\/?page_id=3"},"modified":"2025-09-07T21:15:00","modified_gmt":"2025-09-07T19:15:00","slug":"integritetspolicy","status":"publish","type":"page","link":"https:\/\/www.mobilfixarna.se\/index.php\/integritetspolicy\/","title":{"rendered":"Integritetspolicy"},"content":{"rendered":"\t\t<div data-elementor-type=\"wp-page\" data-elementor-id=\"3\" class=\"elementor elementor-3\" data-elementor-post-type=\"page\">\n\t\t\t\t<div class=\"elementor-element elementor-element-40bf3331 e-flex e-con-boxed e-con e-parent\" data-id=\"40bf3331\" data-element_type=\"container\">\n\t\t\t\t\t<div class=\"e-con-inner\">\n\t\t\t\t<div class=\"elementor-element elementor-element-116f6aed elementor-widget elementor-widget-text-editor\" data-id=\"116f6aed\" data-element_type=\"widget\" data-widget_type=\"text-editor.default\">\n\t\t\t\t\t\t\t\t\t\n<h1 class=\"wp-block-heading\" data-start=\"86\" data-end=\"124\">Integritetspolicy f\u00f6r Mobilfixarna<\/h1>\n<p data-start=\"126\" data-end=\"340\">Vi p\u00e5 Mobilfixarna v\u00e4rnar om din integritet och vill att du ska k\u00e4nna dig trygg n\u00e4r du anv\u00e4nder v\u00e5r webbplats. Denna policy f\u00f6rklarar vilka uppgifter vi samlar in, varf\u00f6r vi samlar in dem och hur vi anv\u00e4nder dem.<\/p>\n<hr data-start=\"342\" data-end=\"345\" \/>\n<h2 data-start=\"347\" data-end=\"363\">Vilka vi \u00e4r<\/h2>\n<p data-start=\"364\" data-end=\"417\">V\u00e5r webbplatsadress \u00e4r: <strong data-start=\"388\" data-end=\"415\"><a class=\"decorated-link cursor-pointer\" target=\"_new\" rel=\"noopener\" data-start=\"390\" data-end=\"413\">https:\/\/mobilfixarna.se<\/a><\/strong><\/p>\n<hr data-start=\"419\" data-end=\"422\" \/>\n<h2 data-start=\"424\" data-end=\"440\">Kommentarer<\/h2>\n<p data-start=\"441\" data-end=\"661\">N\u00e4r bes\u00f6kare l\u00e4mnar kommentarer p\u00e5 webbplatsen samlar vi in de uppgifter som visas i kommentarsformul\u00e4ret, samt bes\u00f6karens IP-adress och webbl\u00e4sarens anv\u00e4ndaragent-str\u00e4ng f\u00f6r att hj\u00e4lpa till med att uppt\u00e4cka skr\u00e4ppost.<\/p>\n<p data-start=\"663\" data-end=\"1009\">En anonymiserad str\u00e4ng som skapats utifr\u00e5n din e-postadress (kallad hash) kan skickas till Gravatar-tj\u00e4nsten f\u00f6r att avg\u00f6ra om du har ett konto d\u00e4r. Integritetspolicyn f\u00f6r Gravatar finns p\u00e5 <a class=\"decorated-link\" href=\"https:\/\/automattic.com\/privacy\/\" target=\"_new\" rel=\"noopener\" data-start=\"853\" data-end=\"919\">https:\/\/automattic.com\/privacy\/<\/a>. N\u00e4r din kommentar har godk\u00e4nts blir din profilbild synlig tillsammans med kommentaren.<\/p>\n<hr data-start=\"1011\" data-end=\"1014\" \/>\n<h2 data-start=\"1016\" data-end=\"1026\">Media<\/h2>\n<p data-start=\"1027\" data-end=\"1187\">Om du laddar upp bilder till webbplatsen b\u00f6r du undvika att inkludera EXIF-data med GPS-position. Bes\u00f6kare kan annars h\u00e4mta ut platsinformation fr\u00e5n bilderna.<\/p>\n<hr data-start=\"1189\" data-end=\"1192\" \/>\n<h2 data-start=\"1194\" data-end=\"1211\">Cookie-filer<\/h2>\n<ul data-start=\"1212\" data-end=\"1824\">\n<li data-start=\"1212\" data-end=\"1413\">\n<p data-start=\"1214\" data-end=\"1413\">Om du l\u00e4mnar en kommentar kan du v\u00e4lja att spara namn, e-postadress och webbplats i cookies. Detta f\u00f6r din bekv\u00e4mlighet s\u00e5 att du inte beh\u00f6ver fylla i dessa uppgifter igen. Cookies sparas i ett \u00e5r.<\/p>\n<\/li>\n<li data-start=\"1414\" data-end=\"1680\">\n<p data-start=\"1416\" data-end=\"1680\">Vid inloggning skapas cookies f\u00f6r att spara inloggningsinformation och dina sk\u00e4rminst\u00e4llningar. Inloggningscookies g\u00e4ller i tv\u00e5 dagar, inst\u00e4llningscookies i ett \u00e5r. Om du v\u00e4ljer &#8221;Kom ih\u00e5g mig&#8221; lagras inloggningscookies i tv\u00e5 veckor. Vid utloggning raderas dessa.<\/p>\n<\/li>\n<li data-start=\"1681\" data-end=\"1824\">\n<p data-start=\"1683\" data-end=\"1824\">Om du redigerar eller publicerar en artikel sparas en extra cookie i din webbl\u00e4sare, som inneh\u00e5ller artikelns ID och upph\u00f6r efter ett dygn.<\/p>\n<\/li>\n<\/ul>\n<hr data-start=\"1826\" data-end=\"1829\" \/>\n<h2 data-start=\"1831\" data-end=\"1876\">Inb\u00e4ddat inneh\u00e5ll fr\u00e5n andra webbplatser<\/h2>\n<p data-start=\"1877\" data-end=\"2097\">Artiklar p\u00e5 denna webbplats kan inneh\u00e5lla inb\u00e4ddat inneh\u00e5ll (exempelvis videoklipp, bilder eller artiklar). Inb\u00e4ddat inneh\u00e5ll fr\u00e5n andra webbplatser fungerar p\u00e5 samma s\u00e4tt som om du sj\u00e4lv hade bes\u00f6kt dessa webbplatser.<\/p>\n<p data-start=\"2099\" data-end=\"2272\">Dessa webbplatser kan samla in uppgifter om dig, anv\u00e4nda cookies, b\u00e4dda in ytterligare sp\u00e5rning fr\u00e5n tredje part och \u00f6vervaka din interaktion med det inb\u00e4ddade inneh\u00e5llet.<\/p>\n<hr data-start=\"2274\" data-end=\"2277\" \/>\n<h2 data-start=\"2279\" data-end=\"2312\">Vilka vi delar dina data med<\/h2>\n<p data-start=\"2313\" data-end=\"2417\">Om du beg\u00e4r \u00e5terst\u00e4llning av l\u00f6senord kommer din IP-adress att inkluderas i \u00e5terst\u00e4llningsmeddelandet.<\/p>\n<hr data-start=\"2419\" data-end=\"2422\" \/>\n<h2 data-start=\"2424\" data-end=\"2465\">Hur l\u00e4nge vi beh\u00e5ller dina uppgifter<\/h2>\n<ul data-start=\"2466\" data-end=\"2888\">\n<li data-start=\"2466\" data-end=\"2596\">\n<p data-start=\"2468\" data-end=\"2596\">Kommentarer och dess metadata sparas utan tidsgr\u00e4ns f\u00f6r att kunna k\u00e4nna igen och godk\u00e4nna uppf\u00f6ljningskommentarer automatiskt.<\/p>\n<\/li>\n<li data-start=\"2597\" data-end=\"2888\">\n<p data-start=\"2599\" data-end=\"2888\">F\u00f6r anv\u00e4ndare som registrerar sig p\u00e5 v\u00e5r webbplats (om detta \u00e4r m\u00f6jligt) sparas de personuppgifter som anges i anv\u00e4ndarprofilen. Anv\u00e4ndare kan se, redigera eller radera sina personuppgifter n\u00e4r som helst (utom anv\u00e4ndarnamnet). Administrat\u00f6rer kan ocks\u00e5 se och redigera denna information.<\/p>\n<\/li>\n<\/ul>\n<hr data-start=\"2890\" data-end=\"2893\" \/>\n<h2 data-start=\"2895\" data-end=\"2936\">Dina r\u00e4ttigheter \u00f6ver dina uppgifter<\/h2>\n<p data-start=\"2937\" data-end=\"3210\">Om du har ett konto eller har skrivit kommentarer kan du beg\u00e4ra en exportfil med de personuppgifter vi har om dig. Du kan \u00e4ven beg\u00e4ra att vi raderar dessa uppgifter. Detta g\u00e4ller dock inte information som vi m\u00e5ste beh\u00e5lla av administrativa, juridiska eller s\u00e4kerhetssk\u00e4l.<\/p>\n<hr data-start=\"3212\" data-end=\"3215\" \/>\n<h2 data-start=\"3217\" data-end=\"3249\">Vart dina uppgifter skickas<\/h2>\n<p data-start=\"3250\" data-end=\"3343\">Bes\u00f6karkommentarer kan kontrolleras via en automatiserad tj\u00e4nst f\u00f6r att uppt\u00e4cka skr\u00e4ppost.<\/p>\n<hr data-start=\"3345\" data-end=\"3348\" \/>\n<h2 data-start=\"3350\" data-end=\"3362\">Kontakt<\/h2>\n<p data-start=\"3363\" data-end=\"3489\">Om du har fr\u00e5gor kring denna integritetspolicy eller hur vi hanterar dina personuppgifter, \u00e4r du v\u00e4lkommen att kontakta oss:<\/p>\n<p data-start=\"3491\" data-end=\"3571\"><strong data-start=\"3491\" data-end=\"3507\">Mobilfixarna<\/strong><br data-start=\"3507\" data-end=\"3510\" \/>\ud83d\udce7 E-post: <a class=\"decorated-link cursor-pointer\" rel=\"noopener\" data-start=\"3521\" data-end=\"3541\">support@mobilfixarna.se<\/a><br data-start=\"3541\" data-end=\"3544\" \/>\ud83d\udcde Telefon: +46 793 45 65 66<\/p>\n\t\t\t\t\t\t\t\t<\/div>\n\t\t\t\t\t<\/div>\n\t\t\t\t<\/div>\n\t\t\t\t<\/div>\n\t\t","protected":false},"excerpt":{"rendered":"<p>Integritetspolicy f\u00f6r Mobilfixarna Vi p\u00e5 Mobilfixarna v\u00e4rnar om din integritet och vill att du ska k\u00e4nna dig trygg n\u00e4r du anv\u00e4nder v\u00e5r webbplats. Denna policy f\u00f6rklarar vilka uppgifter vi samlar in, varf\u00f6r vi samlar in dem och hur vi anv\u00e4nder dem. Vilka vi \u00e4r V\u00e5r webbplatsadress \u00e4r: https:\/\/mobilfixarna.se Kommentarer N\u00e4r bes\u00f6kare l\u00e4mnar kommentarer p\u00e5 webbplatsen [&hellip;]<\/p>\n","protected":false},"author":1,"featured_media":0,"parent":0,"menu_order":0,"comment_status":"closed","ping_status":"open","template":"","meta":{"footnotes":""},"class_list":["post-3","page","type-page","status-publish","hentry"],"_links":{"self":[{"href":"https:\/\/www.mobilfixarna.se\/index.php\/wp-json\/wp\/v2\/pages\/3","targetHints":{"allow":["GET"]}}],"collection":[{"href":"https:\/\/www.mobilfixarna.se\/index.php\/wp-json\/wp\/v2\/pages"}],"about":[{"href":"https:\/\/www.mobilfixarna.se\/index.php\/wp-json\/wp\/v2\/types\/page"}],"author":[{"embeddable":true,"href":"https:\/\/www.mobilfixarna.se\/index.php\/wp-json\/wp\/v2\/users\/1"}],"replies":[{"embeddable":true,"href":"https:\/\/www.mobilfixarna.se\/index.php\/wp-json\/wp\/v2\/comments?post=3"}],"version-history":[{"count":7,"href":"https:\/\/www.mobilfixarna.se\/index.php\/wp-json\/wp\/v2\/pages\/3\/revisions"}],"predecessor-version":[{"id":3378,"href":"https:\/\/www.mobilfixarna.se\/index.php\/wp-json\/wp\/v2\/pages\/3\/revisions\/3378"}],"wp:attachment":[{"href":"https:\/\/www.mobilfixarna.se\/index.php\/wp-json\/wp\/v2\/media?parent=3"}],"curies":[{"name":"wp","href":"https:\/\/api.w.org\/{rel}","templated":true}]}}