{"id":8,"date":"2025-08-11T14:16:51","date_gmt":"2025-08-11T12:16:51","guid":{"rendered":"http:\/\/192.168.1.112\/index.php\/varukorg\/"},"modified":"2026-01-04T17:00:02","modified_gmt":"2026-01-04T16:00:02","slug":"varukorg","status":"publish","type":"page","link":"https:\/\/www.mobilfixarna.se\/index.php\/varukorg\/","title":{"rendered":"Varukorg"},"content":{"rendered":"\t\t<div data-elementor-type=\"wp-page\" data-elementor-id=\"8\" class=\"elementor elementor-8\" data-elementor-post-type=\"page\">\n\t\t\t\t<div class=\"elementor-element elementor-element-99c462 e-flex e-con-boxed e-con e-parent\" data-id=\"99c462\" data-element_type=\"container\">\n\t\t\t\t\t<div class=\"e-con-inner\">\n\t\t\t\t<div class=\"elementor-element elementor-element-7a96687b elementor-widget-mobile__width-initial elementor-widget elementor-widget-text-editor\" data-id=\"7a96687b\" data-element_type=\"widget\" data-widget_type=\"text-editor.default\">\n\t\t\t\t\t\t\t\t\t\n<div data-block-name=\"woocommerce\/cart\" class=\"wp-block-woocommerce-cart alignwide is-loading\">\n<div data-block-name=\"woocommerce\/filled-cart-block\" class=\"wp-block-woocommerce-filled-cart-block\">\n<div data-block-name=\"woocommerce\/cart-items-block\" class=\"wp-block-woocommerce-cart-items-block\">\n<div data-block-name=\"woocommerce\/cart-line-items-block\" class=\"wp-block-woocommerce-cart-line-items-block\">\u00a0<\/div>\n\n<div data-block-name=\"woocommerce\/cart-cross-sells-block\" class=\"wp-block-woocommerce-cart-cross-sells-block\">\n<h2 class=\"wp-block-heading has-large-font-size\">Du kanske \u00e4r intresserad av \u2026<\/h2>\n\n<div data-block-name=\"woocommerce\/cart-cross-sells-products-block\" class=\"wp-block-woocommerce-cart-cross-sells-products-block\">\u00a0<\/div>\n<\/div>\n<\/div>\n\n<div data-block-name=\"woocommerce\/cart-totals-block\" class=\"wp-block-woocommerce-cart-totals-block\">\n<div data-block-name=\"woocommerce\/cart-order-summary-block\" class=\"wp-block-woocommerce-cart-order-summary-block\">\n<div data-block-name=\"woocommerce\/cart-order-summary-heading-block\" class=\"wp-block-woocommerce-cart-order-summary-heading-block\">\u00a0<\/div><div data-block-name=\"woocommerce\/cart-order-summary-coupon-form-block\" class=\"wp-block-woocommerce-cart-order-summary-coupon-form-block\">\u00a0<\/div><div data-block-name=\"woocommerce\/cart-order-summary-totals-block\" class=\"wp-block-woocommerce-cart-order-summary-totals-block\">\n<div data-block-name=\"woocommerce\/cart-order-summary-subtotal-block\" class=\"wp-block-woocommerce-cart-order-summary-subtotal-block\">\u00a0<\/div>\n<div data-block-name=\"woocommerce\/cart-order-summary-discount-block\" class=\"wp-block-woocommerce-cart-order-summary-discount-block\">\u00a0<\/div>\n<div data-block-name=\"woocommerce\/cart-order-summary-fee-block\" class=\"wp-block-woocommerce-cart-order-summary-fee-block\">\u00a0<\/div>\n<div data-block-name=\"woocommerce\/cart-order-summary-shipping-block\" class=\"wp-block-woocommerce-cart-order-summary-shipping-block\">\u00a0<\/div>\n<div data-block-name=\"woocommerce\/cart-order-summary-taxes-block\" class=\"wp-block-woocommerce-cart-order-summary-taxes-block\">\u00a0<\/div><\/div>\n<\/div>\n\n<div data-block-name=\"woocommerce\/cart-express-payment-block\" class=\"wp-block-woocommerce-cart-express-payment-block\">\u00a0<\/div>\n\n<div data-block-name=\"woocommerce\/proceed-to-checkout-block\" class=\"wp-block-woocommerce-proceed-to-checkout-block\">\u00a0<\/div>\n\n<div data-block-name=\"woocommerce\/cart-accepted-payment-methods-block\" class=\"wp-block-woocommerce-cart-accepted-payment-methods-block\">\u00a0<\/div>\n<\/div>\n<\/div>\n\n<div data-block-name=\"woocommerce\/empty-cart-block\" class=\"wp-block-woocommerce-empty-cart-block\">\n<h2 class=\"wp-block-heading has-text-align-center with-empty-cart-icon wc-block-cart__empty-cart__title\">Din varukorg \u00e4r f\u00f6r n\u00e4rvarande tom!<\/h2>\n<hr class=\"wp-block-separator has-alpha-channel-opacity is-style-dots\" \/>\n<h2 class=\"wp-block-heading has-text-align-center\">Nytt i butik<\/h2>\n<div data-block-name=\"woocommerce\/product-new\" data-columns=\"4\" data-rows=\"1\" class=\"wc-block-grid wp-block-product-new wp-block-woocommerce-product-new wc-block-product-new has-4-columns\"><ul class=\"wc-block-grid__products\"><li class=\"wc-block-grid__product\">\n\t\t\t\t<a href=\"https:\/\/www.mobilfixarna.se\/index.php\/produkt\/iphone-15-plus-reparation-av-samtalshogtalare\/\" class=\"wc-block-grid__product-link\">\n\t\t\t\t\t\n\t\t\t\t\t<div class=\"wc-block-grid__product-image\"><img fetchpriority=\"high\" decoding=\"async\" width=\"265\" height=\"265\" src=\"https:\/\/www.mobilfixarna.se\/wp-content\/uploads\/2025\/08\/tn_b4620ce0-c479-432a-a9c9-8804bebeaec8.jpg\" class=\"attachment-woocommerce_thumbnail size-woocommerce_thumbnail\" alt=\"iPhone 15 Plus Reparation av samtalsh\u00f6gtalare\" srcset=\"https:\/\/www.mobilfixarna.se\/wp-content\/uploads\/2025\/08\/tn_b4620ce0-c479-432a-a9c9-8804bebeaec8.jpg 265w, https:\/\/www.mobilfixarna.se\/wp-content\/uploads\/2025\/08\/tn_b4620ce0-c479-432a-a9c9-8804bebeaec8-150x150.jpg 150w, https:\/\/www.mobilfixarna.se\/wp-content\/uploads\/2025\/08\/tn_b4620ce0-c479-432a-a9c9-8804bebeaec8-100x100.jpg 100w\" sizes=\"(max-width: 265px) 100vw, 265px\" \/><\/div>\n\t\t\t\t\t<div class=\"wc-block-grid__product-title\">iPhone 15 Plus Reparation av samtalsh\u00f6gtalare<\/div>\n\t\t\t\t<\/a>\n\t\t\t\t<div class=\"wc-block-grid__product-price price\"><span class=\"woocommerce-Price-amount amount\">799,00&nbsp;<span class=\"woocommerce-Price-currencySymbol\">&#107;&#114;<\/span><\/span><\/div>\n\t\t\t\t\n\t\t\t\t<div class=\"wp-block-button wc-block-grid__product-add-to-cart\"><a href=\"\/index.php\/wp-json\/wp\/v2\/pages\/8?add-to-cart=3047\" aria-label=\"L\u00e4gg till i varukorgen: \u201diPhone 15 Plus Reparation av samtalsh\u00f6gtalare\u201d\" data-quantity=\"1\" data-product_id=\"3047\" data-product_sku=\"\" data-price=\"799\" rel=\"nofollow\" class=\"wp-block-button__link  add_to_cart_button ajax_add_to_cart\">L\u00e4gg till i varukorg<\/a><\/div>\n\t\t\t<\/li><li class=\"wc-block-grid__product\">\n\t\t\t\t<a href=\"https:\/\/www.mobilfixarna.se\/index.php\/produkt\/apple-iphone-15-pro-byte-av-frontkamera-face-id-funkar-ej-20\/\" class=\"wc-block-grid__product-link\">\n\t\t\t\t\t\n\t\t\t\t\t<div class=\"wc-block-grid__product-image\"><img decoding=\"async\" width=\"300\" height=\"300\" src=\"https:\/\/www.mobilfixarna.se\/wp-content\/uploads\/2025\/09\/Skarmbild-2025-09-03-173808-300x300.png\" class=\"attachment-woocommerce_thumbnail size-woocommerce_thumbnail\" alt=\"iPhone 15 Plus - Byte av frontkamera (Face-ID funkar ej)\" srcset=\"https:\/\/www.mobilfixarna.se\/wp-content\/uploads\/2025\/09\/Skarmbild-2025-09-03-173808-300x300.png 300w, https:\/\/www.mobilfixarna.se\/wp-content\/uploads\/2025\/09\/Skarmbild-2025-09-03-173808-150x150.png 150w, https:\/\/www.mobilfixarna.se\/wp-content\/uploads\/2025\/09\/Skarmbild-2025-09-03-173808-100x100.png 100w\" sizes=\"(max-width: 300px) 100vw, 300px\" \/><\/div>\n\t\t\t\t\t<div class=\"wc-block-grid__product-title\">iPhone 15 Plus - Byte av frontkamera (Face-ID funkar ej)<\/div>\n\t\t\t\t<\/a>\n\t\t\t\t<div class=\"wc-block-grid__product-price price\"><span class=\"woocommerce-Price-amount amount\">999,00&nbsp;<span class=\"woocommerce-Price-currencySymbol\">&#107;&#114;<\/span><\/span><\/div>\n\t\t\t\t\n\t\t\t\t<div class=\"wp-block-button wc-block-grid__product-add-to-cart\"><a href=\"\/index.php\/wp-json\/wp\/v2\/pages\/8?add-to-cart=3046\" aria-label=\"L\u00e4gg till i varukorgen: \u201diPhone 15 Plus - Byte av frontkamera (Face-ID funkar ej)\u201d\" data-quantity=\"1\" data-product_id=\"3046\" data-product_sku=\"\" data-price=\"999\" rel=\"nofollow\" class=\"wp-block-button__link  add_to_cart_button ajax_add_to_cart\">L\u00e4gg till i varukorg<\/a><\/div>\n\t\t\t<\/li><li class=\"wc-block-grid__product\">\n\t\t\t\t<a href=\"https:\/\/www.mobilfixarna.se\/index.php\/produkt\/iphone-15-plus-byte-av-bakkamera\/\" class=\"wc-block-grid__product-link\">\n\t\t\t\t\t\n\t\t\t\t\t<div class=\"wc-block-grid__product-image\"><img decoding=\"async\" width=\"300\" height=\"300\" src=\"https:\/\/www.mobilfixarna.se\/wp-content\/uploads\/2025\/09\/Skarmbild-2025-09-03-173741-300x300.png\" class=\"attachment-woocommerce_thumbnail size-woocommerce_thumbnail\" alt=\"iPhone 15 Plus Byte av bakkamera\" srcset=\"https:\/\/www.mobilfixarna.se\/wp-content\/uploads\/2025\/09\/Skarmbild-2025-09-03-173741-300x300.png 300w, https:\/\/www.mobilfixarna.se\/wp-content\/uploads\/2025\/09\/Skarmbild-2025-09-03-173741-150x150.png 150w, https:\/\/www.mobilfixarna.se\/wp-content\/uploads\/2025\/09\/Skarmbild-2025-09-03-173741-100x100.png 100w\" sizes=\"(max-width: 300px) 100vw, 300px\" \/><\/div>\n\t\t\t\t\t<div class=\"wc-block-grid__product-title\">iPhone 15 Plus Byte av bakkamera<\/div>\n\t\t\t\t<\/a>\n\t\t\t\t<div class=\"wc-block-grid__product-price price\"><span class=\"woocommerce-Price-amount amount\">1499,00&nbsp;<span class=\"woocommerce-Price-currencySymbol\">&#107;&#114;<\/span><\/span><\/div>\n\t\t\t\t\n\t\t\t\t<div class=\"wp-block-button wc-block-grid__product-add-to-cart\"><a href=\"\/index.php\/wp-json\/wp\/v2\/pages\/8?add-to-cart=3045\" aria-label=\"L\u00e4gg till i varukorgen: \u201diPhone 15 Plus Byte av bakkamera\u201d\" data-quantity=\"1\" data-product_id=\"3045\" data-product_sku=\"\" data-price=\"1499\" rel=\"nofollow\" class=\"wp-block-button__link  add_to_cart_button ajax_add_to_cart\">L\u00e4gg till i varukorg<\/a><\/div>\n\t\t\t<\/li><li class=\"wc-block-grid__product\">\n\t\t\t\t<a href=\"https:\/\/www.mobilfixarna.se\/index.php\/produkt\/iphone-15-plus-byte-av-laddkontakt\/\" class=\"wc-block-grid__product-link\">\n\t\t\t\t\t\n\t\t\t\t\t<div class=\"wc-block-grid__product-image\"><img loading=\"lazy\" decoding=\"async\" width=\"300\" height=\"300\" src=\"https:\/\/www.mobilfixarna.se\/wp-content\/uploads\/2025\/09\/Skarmbild-2025-09-03-173406-300x300.png\" class=\"attachment-woocommerce_thumbnail size-woocommerce_thumbnail\" alt=\"iPhone 15 Plus Byte av laddkontakt\" srcset=\"https:\/\/www.mobilfixarna.se\/wp-content\/uploads\/2025\/09\/Skarmbild-2025-09-03-173406-300x300.png 300w, https:\/\/www.mobilfixarna.se\/wp-content\/uploads\/2025\/09\/Skarmbild-2025-09-03-173406-150x150.png 150w, https:\/\/www.mobilfixarna.se\/wp-content\/uploads\/2025\/09\/Skarmbild-2025-09-03-173406-100x100.png 100w\" sizes=\"(max-width: 300px) 100vw, 300px\" \/><\/div>\n\t\t\t\t\t<div class=\"wc-block-grid__product-title\">iPhone 15 Plus Byte av laddkontakt<\/div>\n\t\t\t\t<\/a>\n\t\t\t\t<div class=\"wc-block-grid__product-price price\"><span class=\"woocommerce-Price-amount amount\">999,00&nbsp;<span class=\"woocommerce-Price-currencySymbol\">&#107;&#114;<\/span><\/span><\/div>\n\t\t\t\t\n\t\t\t\t<div class=\"wp-block-button wc-block-grid__product-add-to-cart\"><a href=\"\/index.php\/wp-json\/wp\/v2\/pages\/8?add-to-cart=3044\" aria-label=\"L\u00e4gg till i varukorgen: \u201diPhone 15 Plus Byte av laddkontakt\u201d\" data-quantity=\"1\" data-product_id=\"3044\" data-product_sku=\"\" data-price=\"999\" rel=\"nofollow\" class=\"wp-block-button__link  add_to_cart_button ajax_add_to_cart\">L\u00e4gg till i varukorg<\/a><\/div>\n\t\t\t<\/li><\/ul><\/div><\/div>\n<\/div>\n\t\t\t\t\t\t\t\t<\/div>\n\t\t\t\t\t<\/div>\n\t\t\t\t<\/div>\n\t\t\t\t<\/div>\n\t\t","protected":false},"excerpt":{"rendered":"","protected":false},"author":1,"featured_media":0,"parent":0,"menu_order":0,"comment_status":"closed","ping_status":"closed","template":"","meta":{"footnotes":""},"class_list":["post-8","page","type-page","status-publish","hentry"],"_links":{"self":[{"href":"https:\/\/www.mobilfixarna.se\/index.php\/wp-json\/wp\/v2\/pages\/8","targetHints":{"allow":["GET"]}}],"collection":[{"href":"https:\/\/www.mobilfixarna.se\/index.php\/wp-json\/wp\/v2\/pages"}],"about":[{"href":"https:\/\/www.mobilfixarna.se\/index.php\/wp-json\/wp\/v2\/types\/page"}],"author":[{"embeddable":true,"href":"https:\/\/www.mobilfixarna.se\/index.php\/wp-json\/wp\/v2\/users\/1"}],"replies":[{"embeddable":true,"href":"https:\/\/www.mobilfixarna.se\/index.php\/wp-json\/wp\/v2\/comments?post=8"}],"version-history":[{"count":112,"href":"https:\/\/www.mobilfixarna.se\/index.php\/wp-json\/wp\/v2\/pages\/8\/revisions"}],"predecessor-version":[{"id":4007,"href":"https:\/\/www.mobilfixarna.se\/index.php\/wp-json\/wp\/v2\/pages\/8\/revisions\/4007"}],"wp:attachment":[{"href":"https:\/\/www.mobilfixarna.se\/index.php\/wp-json\/wp\/v2\/media?parent=8"}],"curies":[{"name":"wp","href":"https:\/\/api.w.org\/{rel}","templated":true}]}}