{"id":1452,"date":"2025-08-23T14:51:43","date_gmt":"2025-08-23T12:51:43","guid":{"rendered":"https:\/\/www.mobilfixarna.se\/?post_type=product&#038;p=1452"},"modified":"2026-01-04T17:09:03","modified_gmt":"2026-01-04T16:09:03","slug":"basic-abonnemang-1-mobil","status":"publish","type":"product","link":"https:\/\/www.mobilfixarna.se\/index.php\/produkt\/basic-abonnemang-1-mobil\/","title":{"rendered":"Bas Abonnemang \u2013 g\u00e4ller 1 mobil"},"content":{"rendered":"<p data-start=\"145\" data-end=\"315\">[simpay id=&#8221;3546&#8243;]<br \/>\nMed v\u00e5rt <strong data-start=\"154\" data-end=\"174\">bas-abonnemang<\/strong> skyddar du en mobiltelefon mot of\u00f6rutsedda reparationskostnader.<br data-start=\"239\" data-end=\"242\" \/>Arbetskostnaden t\u00e4cks alltid \u2013 du betalar endast f\u00f6r <strong data-start=\"295\" data-end=\"312\">reservdelarna<\/strong>.<\/p>\n<p data-start=\"317\" data-end=\"411\">Abonnemanget g\u00e4ller f\u00f6r v\u00e4lk\u00e4nda m\u00e4rken som <strong data-start=\"361\" data-end=\"408\">iPhone, Samsung, Huawei, OnePlus och Google<\/strong>.<\/p>\n<p data-start=\"413\" data-end=\"495\">Vid varje reparation v\u00e4ljer du sj\u00e4lv vilken kvalitet p\u00e5 reservdelar som anv\u00e4nds:<\/p>\n<ul data-start=\"496\" data-end=\"633\">\n<li data-start=\"496\" data-end=\"531\">\n<p data-start=\"498\" data-end=\"531\"><strong data-start=\"498\" data-end=\"510\">Standard<\/strong> \u2013 prisv\u00e4rd l\u00f6sning<\/p>\n<\/li>\n<li data-start=\"532\" data-end=\"576\">\n<p data-start=\"534\" data-end=\"576\"><strong data-start=\"534\" data-end=\"545\">Premium<\/strong> \u2013 h\u00f6g kvalitet till bra pris<\/p>\n<\/li>\n<li data-start=\"577\" data-end=\"633\">\n<p data-start=\"579\" data-end=\"633\"><strong data-start=\"579\" data-end=\"591\">Original<\/strong> \u2013 originalreservdelar fr\u00e5n tillverkaren<\/p>\n<\/li>\n<\/ul>\n<p data-start=\"635\" data-end=\"841\">\u2714 G\u00e4ller byten av sk\u00e4rm, baksida, kameralins, laddkontakt m.m.<br data-start=\"697\" data-end=\"700\" \/>\u274c G\u00e4ller ej moderkortsfel eller vattenskador<br data-start=\"744\" data-end=\"747\" \/>\ud83d\udccc Bindningstid: 12 m\u00e5nader<br data-start=\"774\" data-end=\"777\" \/>\u26a1 Snabb service med garanti<br data-start=\"804\" data-end=\"807\" \/>\ud83d\udd27 Max <strong data-start=\"814\" data-end=\"839\">2 reparationer per \u00e5r<\/strong><\/p>\n<p data-start=\"843\" data-end=\"1015\">\u2139\ufe0f Abonnemanget \u00e4r bundet till en specifik mobil via <strong data-start=\"896\" data-end=\"911\">serienummer<\/strong>.<br data-start=\"912\" data-end=\"915\" \/>Mobilen kan bytas ut mot en annan <strong data-start=\"949\" data-end=\"960\">en g\u00e5ng<\/strong> under bindningstiden, t.ex. vid f\u00f6rlust eller nyk\u00f6p<\/p>\n","protected":false},"excerpt":{"rendered":"<p>\ud83d\udccc Bindningstid: 12 m\u00e5nader<br \/>\n\u2714 G\u00e4ller iPhone, Samsung, Huawei, OnePlus, Google m.fl.<br \/>\n\u2714 1 mobil ing\u00e5r<br \/>\n\u2714 G\u00e4ller byten av sk\u00e4rm, baksida, kameralins, laddkontakt m.m.<br \/>\n\u2714 Du v\u00e4ljer sj\u00e4lv reservdelar (Standard, Premium eller Original)<br \/>\n\u274c G\u00e4ller ej moderkortsfel eller vattenskador<br \/>\n\ud83d\udd27 Max 2 reparationer per \u00e5r<br \/>\n\u2139\ufe0f Bundet till specifik mobil (serienummer). Byte till annan mobil \u00e4r till\u00e5tet en g\u00e5ng under bindningstiden vid f\u00f6rlust eller nyk\u00f6p.<\/p>\n","protected":false},"featured_media":2102,"comment_status":"open","ping_status":"closed","template":"","meta":[],"product_brand":[],"product_cat":[88],"product_tag":[],"class_list":{"0":"post-1452","1":"product","2":"type-product","3":"status-publish","4":"has-post-thumbnail","6":"product_cat-abonnemang","8":"first","9":"instock","10":"virtual","11":"purchasable","12":"product-type-simple"},"_links":{"self":[{"href":"https:\/\/www.mobilfixarna.se\/index.php\/wp-json\/wp\/v2\/product\/1452","targetHints":{"allow":["GET"]}}],"collection":[{"href":"https:\/\/www.mobilfixarna.se\/index.php\/wp-json\/wp\/v2\/product"}],"about":[{"href":"https:\/\/www.mobilfixarna.se\/index.php\/wp-json\/wp\/v2\/types\/product"}],"replies":[{"embeddable":true,"href":"https:\/\/www.mobilfixarna.se\/index.php\/wp-json\/wp\/v2\/comments?post=1452"}],"version-history":[{"count":9,"href":"https:\/\/www.mobilfixarna.se\/index.php\/wp-json\/wp\/v2\/product\/1452\/revisions"}],"predecessor-version":[{"id":3547,"href":"https:\/\/www.mobilfixarna.se\/index.php\/wp-json\/wp\/v2\/product\/1452\/revisions\/3547"}],"wp:featuredmedia":[{"embeddable":true,"href":"https:\/\/www.mobilfixarna.se\/index.php\/wp-json\/wp\/v2\/media\/2102"}],"wp:attachment":[{"href":"https:\/\/www.mobilfixarna.se\/index.php\/wp-json\/wp\/v2\/media?parent=1452"}],"wp:term":[{"taxonomy":"product_brand","embeddable":true,"href":"https:\/\/www.mobilfixarna.se\/index.php\/wp-json\/wp\/v2\/product_brand?post=1452"},{"taxonomy":"product_cat","embeddable":true,"href":"https:\/\/www.mobilfixarna.se\/index.php\/wp-json\/wp\/v2\/product_cat?post=1452"},{"taxonomy":"product_tag","embeddable":true,"href":"https:\/\/www.mobilfixarna.se\/index.php\/wp-json\/wp\/v2\/product_tag?post=1452"}],"curies":[{"name":"wp","href":"https:\/\/api.w.org\/{rel}","templated":true}]}}