{"id":1454,"date":"2025-08-23T14:52:45","date_gmt":"2025-08-23T12:52:45","guid":{"rendered":"https:\/\/www.mobilfixarna.se\/?post_type=product&#038;p=1454"},"modified":"2026-01-05T11:27:05","modified_gmt":"2026-01-05T10:27:05","slug":"family-abonnemang-upp-till-3-mobiler","status":"publish","type":"product","link":"https:\/\/www.mobilfixarna.se\/index.php\/produkt\/family-abonnemang-upp-till-3-mobiler\/","title":{"rendered":"Familj Abonnemang \u2013 upp till 3 mobiler"},"content":{"rendered":"<p data-start=\"270\" data-end=\"435\">Med v\u00e5rt <strong data-start=\"279\" data-end=\"300\">Familj-abonnemang<\/strong> f\u00e5r hela familjen trygghet \u2013 upp till <strong data-start=\"339\" data-end=\"352\">3 mobiler<\/strong> ing\u00e5r.<br data-start=\"359\" data-end=\"362\" \/>Arbetskostnaden t\u00e4cks alltid \u2013 du betalar endast f\u00f6r <strong data-start=\"415\" data-end=\"432\">reservdelarna<\/strong>.<\/p>\n<p data-start=\"437\" data-end=\"531\">Abonnemanget g\u00e4ller f\u00f6r v\u00e4lk\u00e4nda m\u00e4rken som <strong data-start=\"481\" data-end=\"528\">iPhone, Samsung, Huawei, OnePlus och Google<\/strong>.<\/p>\n<p data-start=\"533\" data-end=\"616\">Vid varje reparation v\u00e4ljer ni sj\u00e4lva vilken kvalitet p\u00e5 reservdelar som anv\u00e4nds:<\/p>\n<ul data-start=\"617\" data-end=\"754\">\n<li data-start=\"617\" data-end=\"652\">\n<p data-start=\"619\" data-end=\"652\"><strong data-start=\"619\" data-end=\"631\">Standard<\/strong> \u2013 prisv\u00e4rd l\u00f6sning<\/p>\n<\/li>\n<li data-start=\"653\" data-end=\"697\">\n<p data-start=\"655\" data-end=\"697\"><strong data-start=\"655\" data-end=\"666\">Premium<\/strong> \u2013 h\u00f6g kvalitet till bra pris<\/p>\n<\/li>\n<li data-start=\"698\" data-end=\"754\">\n<p data-start=\"700\" data-end=\"754\"><strong data-start=\"700\" data-end=\"712\">Original<\/strong> \u2013 originalreservdelar fr\u00e5n tillverkaren<\/p>\n<\/li>\n<\/ul>\n<p data-start=\"756\" data-end=\"1002\">\u2714 G\u00e4ller byten av sk\u00e4rm, baksida, kameralins, laddkontakt m.m.<br data-start=\"818\" data-end=\"821\" \/>\u274c G\u00e4ller ej moderkortsfel eller vattenskador<br data-start=\"865\" data-end=\"868\" \/>\ud83d\udccc Bindningstid: 12 m\u00e5nader<br data-start=\"895\" data-end=\"898\" \/>\u26a1 Snabb service med garanti<br data-start=\"925\" data-end=\"928\" \/>\ud83d\udd27 Max 6<strong data-start=\"935\" data-end=\"960\">\u00a0reparationer per \u00e5r<\/strong> (f\u00f6rdelas p\u00e5 de registrerade mobilerna)<\/p>\n<p data-start=\"1004\" data-end=\"1196\">\u2139\ufe0f Abonnemanget \u00e4r bundet till specifika mobiler via <strong data-start=\"1057\" data-end=\"1072\">serienummer<\/strong> (upp till 3 st).<br data-start=\"1089\" data-end=\"1092\" \/>Varje mobil f\u00e5r bytas ut mot en annan <strong data-start=\"1130\" data-end=\"1141\">en g\u00e5ng<\/strong> under bindningstiden, t.ex. vid f\u00f6rlust eller nyk\u00f6p.<\/p>\n","protected":false},"excerpt":{"rendered":"<p>\ud83d\udccc Bindningstid: 12 m\u00e5nader<br \/>\n\u2714 G\u00e4ller iPhone, Samsung, Huawei, OnePlus, Google m.fl.<br \/>\n\u2714 Upp till 3 mobiler ing\u00e5r<br \/>\n\u2714 G\u00e4ller byten av sk\u00e4rm, baksida, kameralins, laddkontakt m.m.<br \/>\n\u2714 Du v\u00e4ljer sj\u00e4lv reservdelar (Standard, Premium eller Original)<br \/>\n\u274c G\u00e4ller ej moderkortsfel eller vattenskador<br \/>\n\ud83d\udd27 Max 6 reparationer per \u00e5r (f\u00f6rdelas p\u00e5 de registrerade mobilerna)<br \/>\n\u2139\ufe0f Bundet till specifika mobiler (serienummer). Byte till annan mobil \u00e4r till\u00e5tet en g\u00e5ng per enhet under bindningstiden vid f\u00f6rlust eller nyk\u00f6p.<\/p>\n","protected":false},"featured_media":2105,"comment_status":"open","ping_status":"closed","template":"","meta":[],"product_brand":[],"product_cat":[88],"product_tag":[],"class_list":{"0":"post-1454","1":"product","2":"type-product","3":"status-publish","4":"has-post-thumbnail","6":"product_cat-abonnemang","8":"first","9":"instock","10":"virtual","11":"purchasable","12":"product-type-simple"},"_links":{"self":[{"href":"https:\/\/www.mobilfixarna.se\/index.php\/wp-json\/wp\/v2\/product\/1454","targetHints":{"allow":["GET"]}}],"collection":[{"href":"https:\/\/www.mobilfixarna.se\/index.php\/wp-json\/wp\/v2\/product"}],"about":[{"href":"https:\/\/www.mobilfixarna.se\/index.php\/wp-json\/wp\/v2\/types\/product"}],"replies":[{"embeddable":true,"href":"https:\/\/www.mobilfixarna.se\/index.php\/wp-json\/wp\/v2\/comments?post=1454"}],"version-history":[{"count":6,"href":"https:\/\/www.mobilfixarna.se\/index.php\/wp-json\/wp\/v2\/product\/1454\/revisions"}],"predecessor-version":[{"id":4010,"href":"https:\/\/www.mobilfixarna.se\/index.php\/wp-json\/wp\/v2\/product\/1454\/revisions\/4010"}],"wp:featuredmedia":[{"embeddable":true,"href":"https:\/\/www.mobilfixarna.se\/index.php\/wp-json\/wp\/v2\/media\/2105"}],"wp:attachment":[{"href":"https:\/\/www.mobilfixarna.se\/index.php\/wp-json\/wp\/v2\/media?parent=1454"}],"wp:term":[{"taxonomy":"product_brand","embeddable":true,"href":"https:\/\/www.mobilfixarna.se\/index.php\/wp-json\/wp\/v2\/product_brand?post=1454"},{"taxonomy":"product_cat","embeddable":true,"href":"https:\/\/www.mobilfixarna.se\/index.php\/wp-json\/wp\/v2\/product_cat?post=1454"},{"taxonomy":"product_tag","embeddable":true,"href":"https:\/\/www.mobilfixarna.se\/index.php\/wp-json\/wp\/v2\/product_tag?post=1454"}],"curies":[{"name":"wp","href":"https:\/\/api.w.org\/{rel}","templated":true}]}}