{"id":2682,"date":"2025-09-03T21:05:31","date_gmt":"2025-09-03T19:05:31","guid":{"rendered":"https:\/\/www.mobilfixarna.se\/?post_type=product&#038;p=2682"},"modified":"2025-09-07T15:22:13","modified_gmt":"2025-09-07T13:22:13","slug":"iphone-12-pro-max-byte-av-bakkamera","status":"publish","type":"product","link":"https:\/\/www.mobilfixarna.se\/index.php\/produkt\/iphone-12-pro-max-byte-av-bakkamera\/","title":{"rendered":"iPhone 12 Pro Max Byte av bakkamera"},"content":{"rendered":"<p>Upplever du suddiga bilder, problem med autofokus eller att kameran helt slutat fungera p\u00e5 din iPhone 12 Pro Max ? D\u00e5 kan bakkameran beh\u00f6va bytas ut. V\u00e5ra erfarna tekniker utf\u00f6r ett professionellt kamerabyte med h\u00f6gkvalitativa reservdelar som \u00e5terst\u00e4ller din iPhones bildkvalitet och prestanda.<\/p>\n","protected":false},"excerpt":{"rendered":"<p>Upplever du suddiga bilder, problem med autofokus eller att kameran helt slutat fungera p\u00e5 din iPhone 12 Pro Max ? D\u00e5 kan bakkameran beh\u00f6va bytas ut. V\u00e5ra erfarna tekniker utf\u00f6r ett professionellt kamerabyte med h\u00f6gkvalitativa reservdelar som \u00e5terst\u00e4ller din iPhones bildkvalitet och prestanda.<\/p>\n","protected":false},"featured_media":3292,"comment_status":"open","ping_status":"closed","template":"","meta":[],"product_brand":[],"product_cat":[55],"product_tag":[],"class_list":{"0":"post-2682","1":"product","2":"type-product","3":"status-publish","4":"has-post-thumbnail","6":"product_cat-iphone-12-pro-max","8":"first","9":"instock","10":"shipping-taxable","11":"purchasable","12":"product-type-simple"},"_links":{"self":[{"href":"https:\/\/www.mobilfixarna.se\/index.php\/wp-json\/wp\/v2\/product\/2682","targetHints":{"allow":["GET"]}}],"collection":[{"href":"https:\/\/www.mobilfixarna.se\/index.php\/wp-json\/wp\/v2\/product"}],"about":[{"href":"https:\/\/www.mobilfixarna.se\/index.php\/wp-json\/wp\/v2\/types\/product"}],"replies":[{"embeddable":true,"href":"https:\/\/www.mobilfixarna.se\/index.php\/wp-json\/wp\/v2\/comments?post=2682"}],"version-history":[{"count":2,"href":"https:\/\/www.mobilfixarna.se\/index.php\/wp-json\/wp\/v2\/product\/2682\/revisions"}],"predecessor-version":[{"id":3291,"href":"https:\/\/www.mobilfixarna.se\/index.php\/wp-json\/wp\/v2\/product\/2682\/revisions\/3291"}],"wp:featuredmedia":[{"embeddable":true,"href":"https:\/\/www.mobilfixarna.se\/index.php\/wp-json\/wp\/v2\/media\/3292"}],"wp:attachment":[{"href":"https:\/\/www.mobilfixarna.se\/index.php\/wp-json\/wp\/v2\/media?parent=2682"}],"wp:term":[{"taxonomy":"product_brand","embeddable":true,"href":"https:\/\/www.mobilfixarna.se\/index.php\/wp-json\/wp\/v2\/product_brand?post=2682"},{"taxonomy":"product_cat","embeddable":true,"href":"https:\/\/www.mobilfixarna.se\/index.php\/wp-json\/wp\/v2\/product_cat?post=2682"},{"taxonomy":"product_tag","embeddable":true,"href":"https:\/\/www.mobilfixarna.se\/index.php\/wp-json\/wp\/v2\/product_tag?post=2682"}],"curies":[{"name":"wp","href":"https:\/\/api.w.org\/{rel}","templated":true}]}}