{"id":2748,"date":"2025-09-03T21:09:37","date_gmt":"2025-09-03T19:09:37","guid":{"rendered":"https:\/\/www.mobilfixarna.se\/?post_type=product&#038;p=2748"},"modified":"2025-09-07T16:10:36","modified_gmt":"2025-09-07T14:10:36","slug":"iphone-11-pro-skarmbyte-standard-kvalitet-incell","status":"publish","type":"product","link":"https:\/\/www.mobilfixarna.se\/index.php\/produkt\/iphone-11-pro-skarmbyte-standard-kvalitet-incell\/","title":{"rendered":"iPhone 11 Pro Sk\u00e4rmbyte \u2013 Standard kvalitet (Premium Incell)"},"content":{"rendered":"<p>Har sk\u00e4rmen p\u00e5 din iPhone 15 Pro Max spruckit, tappat touch-funktion eller visar konstiga f\u00e4rger? Vi erbjuder ett prisv\u00e4rt sk\u00e4rmbyte med\u00a0<strong data-start=\"326\" data-end=\"352\">tredjepartssk\u00e4rm (LCD)<\/strong>\u00a0i standardkvalitet. Perfekt f\u00f6r dig som vill ha en fungerande sk\u00e4rm till l\u00e4gre pris.<\/p>\n<p>\u2139\ufe0f\u00a0<strong data-start=\"932\" data-end=\"946\">Observera:<\/strong>\u00a0Efter bytet kan ett meddelande visas i inst\u00e4llningarna om att sk\u00e4rmen inte \u00e4r en originaldel. Detta p\u00e5verkar inte telefonens funktion.<\/p>\n","protected":false},"excerpt":{"rendered":"<p>Har sk\u00e4rmen p\u00e5 din iPhone 15 Pro Max spruckit, tappat touch-funktion eller visar konstiga f\u00e4rger? Vi erbjuder ett prisv\u00e4rt sk\u00e4rmbyte med\u00a0tredjepartssk\u00e4rm (LCD)\u00a0i standardkvalitet. Perfekt f\u00f6r dig som vill ha en fungerande sk\u00e4rm till l\u00e4gre pris. \u2139\ufe0f\u00a0Observera:\u00a0Efter bytet kan ett meddelande visas i inst\u00e4llningarna om att sk\u00e4rmen inte \u00e4r en originaldel. Detta p\u00e5verkar inte telefonens funktion.<\/p>\n","protected":false},"featured_media":2279,"comment_status":"open","ping_status":"closed","template":"","meta":[],"product_brand":[],"product_cat":[50],"product_tag":[],"class_list":{"0":"post-2748","1":"product","2":"type-product","3":"status-publish","4":"has-post-thumbnail","6":"product_cat-iphone-11-pro","8":"first","9":"instock","10":"shipping-taxable","11":"purchasable","12":"product-type-simple"},"_links":{"self":[{"href":"https:\/\/www.mobilfixarna.se\/index.php\/wp-json\/wp\/v2\/product\/2748","targetHints":{"allow":["GET"]}}],"collection":[{"href":"https:\/\/www.mobilfixarna.se\/index.php\/wp-json\/wp\/v2\/product"}],"about":[{"href":"https:\/\/www.mobilfixarna.se\/index.php\/wp-json\/wp\/v2\/types\/product"}],"replies":[{"embeddable":true,"href":"https:\/\/www.mobilfixarna.se\/index.php\/wp-json\/wp\/v2\/comments?post=2748"}],"version-history":[{"count":2,"href":"https:\/\/www.mobilfixarna.se\/index.php\/wp-json\/wp\/v2\/product\/2748\/revisions"}],"predecessor-version":[{"id":3314,"href":"https:\/\/www.mobilfixarna.se\/index.php\/wp-json\/wp\/v2\/product\/2748\/revisions\/3314"}],"wp:featuredmedia":[{"embeddable":true,"href":"https:\/\/www.mobilfixarna.se\/index.php\/wp-json\/wp\/v2\/media\/2279"}],"wp:attachment":[{"href":"https:\/\/www.mobilfixarna.se\/index.php\/wp-json\/wp\/v2\/media?parent=2748"}],"wp:term":[{"taxonomy":"product_brand","embeddable":true,"href":"https:\/\/www.mobilfixarna.se\/index.php\/wp-json\/wp\/v2\/product_brand?post=2748"},{"taxonomy":"product_cat","embeddable":true,"href":"https:\/\/www.mobilfixarna.se\/index.php\/wp-json\/wp\/v2\/product_cat?post=2748"},{"taxonomy":"product_tag","embeddable":true,"href":"https:\/\/www.mobilfixarna.se\/index.php\/wp-json\/wp\/v2\/product_tag?post=2748"}],"curies":[{"name":"wp","href":"https:\/\/api.w.org\/{rel}","templated":true}]}}