{"id":2749,"date":"2025-09-03T21:09:37","date_gmt":"2025-09-03T19:09:37","guid":{"rendered":"https:\/\/www.mobilfixarna.se\/?post_type=product&#038;p=2749"},"modified":"2025-09-07T16:13:31","modified_gmt":"2025-09-07T14:13:31","slug":"iphone-11-pro-skarmbyte-aftermarket-oled","status":"publish","type":"product","link":"https:\/\/www.mobilfixarna.se\/index.php\/produkt\/iphone-11-pro-skarmbyte-aftermarket-oled\/","title":{"rendered":"iPhone 11 Pro Sk\u00e4rmbyte \u2013 (Aftermarket Soft OLED)"},"content":{"rendered":"<p>Har sk\u00e4rmen p\u00e5 din iPhone 15 Pro spruckit, tappat touch-funktion eller visar felaktiga f\u00e4rger? D\u00e5 \u00e4r <strong>Aftermarket OLED<\/strong>\u00a0ett utm\u00e4rkt alternativ. Den ger b\u00e4ttre f\u00e4rger och kontrast \u00e4n LCD och Soft OLED, men \u00e4r inte i samma klass som original OLED. Ett bra mellanalternativ f\u00f6r dig som vill ha h\u00f6g kvalitet till ett rimligare pris.<\/p>\n<p>\u2139\ufe0f\u00a0<strong data-start=\"932\" data-end=\"946\">Observera:<\/strong>\u00a0Efter bytet kan ett meddelande visas i inst\u00e4llningarna om att sk\u00e4rmen inte \u00e4r en originaldel. Detta p\u00e5verkar inte telefonens funktion.<\/p>\n","protected":false},"excerpt":{"rendered":"<p>Har sk\u00e4rmen p\u00e5 din iPhone 15 Pro spruckit, tappat touch-funktion eller visar felaktiga f\u00e4rger? D\u00e5 \u00e4r Aftermarket OLED\u00a0ett utm\u00e4rkt alternativ. Den ger b\u00e4ttre f\u00e4rger och kontrast \u00e4n LCD och Soft OLED, men \u00e4r inte i samma klass som original OLED. Ett bra mellanalternativ f\u00f6r dig som vill ha h\u00f6g kvalitet till ett rimligare pris. \u2139\ufe0f\u00a0Observera:\u00a0Efter [&hellip;]<\/p>\n","protected":false},"featured_media":2279,"comment_status":"open","ping_status":"closed","template":"","meta":[],"product_brand":[],"product_cat":[50],"product_tag":[],"class_list":{"0":"post-2749","1":"product","2":"type-product","3":"status-publish","4":"has-post-thumbnail","6":"product_cat-iphone-11-pro","8":"first","9":"instock","10":"shipping-taxable","11":"purchasable","12":"product-type-simple"},"_links":{"self":[{"href":"https:\/\/www.mobilfixarna.se\/index.php\/wp-json\/wp\/v2\/product\/2749","targetHints":{"allow":["GET"]}}],"collection":[{"href":"https:\/\/www.mobilfixarna.se\/index.php\/wp-json\/wp\/v2\/product"}],"about":[{"href":"https:\/\/www.mobilfixarna.se\/index.php\/wp-json\/wp\/v2\/types\/product"}],"replies":[{"embeddable":true,"href":"https:\/\/www.mobilfixarna.se\/index.php\/wp-json\/wp\/v2\/comments?post=2749"}],"version-history":[{"count":2,"href":"https:\/\/www.mobilfixarna.se\/index.php\/wp-json\/wp\/v2\/product\/2749\/revisions"}],"predecessor-version":[{"id":3327,"href":"https:\/\/www.mobilfixarna.se\/index.php\/wp-json\/wp\/v2\/product\/2749\/revisions\/3327"}],"wp:featuredmedia":[{"embeddable":true,"href":"https:\/\/www.mobilfixarna.se\/index.php\/wp-json\/wp\/v2\/media\/2279"}],"wp:attachment":[{"href":"https:\/\/www.mobilfixarna.se\/index.php\/wp-json\/wp\/v2\/media?parent=2749"}],"wp:term":[{"taxonomy":"product_brand","embeddable":true,"href":"https:\/\/www.mobilfixarna.se\/index.php\/wp-json\/wp\/v2\/product_brand?post=2749"},{"taxonomy":"product_cat","embeddable":true,"href":"https:\/\/www.mobilfixarna.se\/index.php\/wp-json\/wp\/v2\/product_cat?post=2749"},{"taxonomy":"product_tag","embeddable":true,"href":"https:\/\/www.mobilfixarna.se\/index.php\/wp-json\/wp\/v2\/product_tag?post=2749"}],"curies":[{"name":"wp","href":"https:\/\/api.w.org\/{rel}","templated":true}]}}