{"id":2751,"date":"2025-09-03T21:09:37","date_gmt":"2025-09-03T19:09:37","guid":{"rendered":"https:\/\/www.mobilfixarna.se\/?post_type=product&#038;p=2751"},"modified":"2025-09-03T21:09:39","modified_gmt":"2025-09-03T19:09:39","slug":"iphone-11-pro-batteribyte-3274-mah","status":"publish","type":"product","link":"https:\/\/www.mobilfixarna.se\/index.php\/produkt\/iphone-11-pro-batteribyte-3274-mah\/","title":{"rendered":"iPhone 11 Pro Batteribyte (3274 mAh)"},"content":{"rendered":"<p>Har batterih\u00e4lsan p\u00e5 din iPhone 15 Pro sjunkit under 80 % eller laddar mobilen ur alldeles f\u00f6r snabbt? D\u00e5 \u00e4r det dags f\u00f6r ett batteribyte. Vi installerar ett nytt batteri av h\u00f6g kvalitet som \u00e5terst\u00e4ller full kapacitet och prestanda.<\/p>\n","protected":false},"excerpt":{"rendered":"<p>Har batterih\u00e4lsan p\u00e5 din iPhone 15 Pro sjunkit under 80 % eller laddar mobilen ur alldeles f\u00f6r snabbt? D\u00e5 \u00e4r det dags f\u00f6r ett batteribyte. Vi installerar ett nytt batteri av h\u00f6g kvalitet som \u00e5terst\u00e4ller full kapacitet och prestanda.<\/p>\n","protected":false},"featured_media":2274,"comment_status":"open","ping_status":"closed","template":"","meta":[],"product_brand":[],"product_cat":[50],"product_tag":[],"class_list":{"0":"post-2751","1":"product","2":"type-product","3":"status-publish","4":"has-post-thumbnail","6":"product_cat-iphone-11-pro","8":"first","9":"instock","10":"shipping-taxable","11":"purchasable","12":"product-type-simple"},"_links":{"self":[{"href":"https:\/\/www.mobilfixarna.se\/index.php\/wp-json\/wp\/v2\/product\/2751","targetHints":{"allow":["GET"]}}],"collection":[{"href":"https:\/\/www.mobilfixarna.se\/index.php\/wp-json\/wp\/v2\/product"}],"about":[{"href":"https:\/\/www.mobilfixarna.se\/index.php\/wp-json\/wp\/v2\/types\/product"}],"replies":[{"embeddable":true,"href":"https:\/\/www.mobilfixarna.se\/index.php\/wp-json\/wp\/v2\/comments?post=2751"}],"version-history":[{"count":1,"href":"https:\/\/www.mobilfixarna.se\/index.php\/wp-json\/wp\/v2\/product\/2751\/revisions"}],"predecessor-version":[{"id":2760,"href":"https:\/\/www.mobilfixarna.se\/index.php\/wp-json\/wp\/v2\/product\/2751\/revisions\/2760"}],"wp:featuredmedia":[{"embeddable":true,"href":"https:\/\/www.mobilfixarna.se\/index.php\/wp-json\/wp\/v2\/media\/2274"}],"wp:attachment":[{"href":"https:\/\/www.mobilfixarna.se\/index.php\/wp-json\/wp\/v2\/media?parent=2751"}],"wp:term":[{"taxonomy":"product_brand","embeddable":true,"href":"https:\/\/www.mobilfixarna.se\/index.php\/wp-json\/wp\/v2\/product_brand?post=2751"},{"taxonomy":"product_cat","embeddable":true,"href":"https:\/\/www.mobilfixarna.se\/index.php\/wp-json\/wp\/v2\/product_cat?post=2751"},{"taxonomy":"product_tag","embeddable":true,"href":"https:\/\/www.mobilfixarna.se\/index.php\/wp-json\/wp\/v2\/product_tag?post=2751"}],"curies":[{"name":"wp","href":"https:\/\/api.w.org\/{rel}","templated":true}]}}