{"id":2754,"date":"2025-09-03T21:09:38","date_gmt":"2025-09-03T19:09:38","guid":{"rendered":"https:\/\/www.mobilfixarna.se\/?post_type=product&#038;p=2754"},"modified":"2025-09-03T21:09:40","modified_gmt":"2025-09-03T19:09:40","slug":"iphone-11-pro-byte-av-bakkamera","status":"publish","type":"product","link":"https:\/\/www.mobilfixarna.se\/index.php\/produkt\/iphone-11-pro-byte-av-bakkamera\/","title":{"rendered":"iPhone 11 Pro Byte av bakkamera"},"content":{"rendered":"<p>Upplever du suddiga bilder, problem med autofokus eller att kameran helt slutat fungera p\u00e5 din iPhone 15 Pro? D\u00e5 kan bakkameran beh\u00f6va bytas ut. V\u00e5ra erfarna tekniker utf\u00f6r ett professionellt kamerabyte med h\u00f6gkvalitativa reservdelar som \u00e5terst\u00e4ller din iPhones bildkvalitet och prestanda.<\/p>\n","protected":false},"excerpt":{"rendered":"<p>Upplever du suddiga bilder, problem med autofokus eller att kameran helt slutat fungera p\u00e5 din iPhone 15 Pro? D\u00e5 kan bakkameran beh\u00f6va bytas ut. V\u00e5ra erfarna tekniker utf\u00f6r ett professionellt kamerabyte med h\u00f6gkvalitativa reservdelar som \u00e5terst\u00e4ller din iPhones bildkvalitet och prestanda.<\/p>\n","protected":false},"featured_media":2286,"comment_status":"open","ping_status":"closed","template":"","meta":[],"product_brand":[],"product_cat":[50],"product_tag":[],"class_list":{"0":"post-2754","1":"product","2":"type-product","3":"status-publish","4":"has-post-thumbnail","6":"product_cat-iphone-11-pro","8":"first","9":"instock","10":"shipping-taxable","11":"purchasable","12":"product-type-simple"},"_links":{"self":[{"href":"https:\/\/www.mobilfixarna.se\/index.php\/wp-json\/wp\/v2\/product\/2754","targetHints":{"allow":["GET"]}}],"collection":[{"href":"https:\/\/www.mobilfixarna.se\/index.php\/wp-json\/wp\/v2\/product"}],"about":[{"href":"https:\/\/www.mobilfixarna.se\/index.php\/wp-json\/wp\/v2\/types\/product"}],"replies":[{"embeddable":true,"href":"https:\/\/www.mobilfixarna.se\/index.php\/wp-json\/wp\/v2\/comments?post=2754"}],"version-history":[{"count":1,"href":"https:\/\/www.mobilfixarna.se\/index.php\/wp-json\/wp\/v2\/product\/2754\/revisions"}],"predecessor-version":[{"id":2763,"href":"https:\/\/www.mobilfixarna.se\/index.php\/wp-json\/wp\/v2\/product\/2754\/revisions\/2763"}],"wp:featuredmedia":[{"embeddable":true,"href":"https:\/\/www.mobilfixarna.se\/index.php\/wp-json\/wp\/v2\/media\/2286"}],"wp:attachment":[{"href":"https:\/\/www.mobilfixarna.se\/index.php\/wp-json\/wp\/v2\/media?parent=2754"}],"wp:term":[{"taxonomy":"product_brand","embeddable":true,"href":"https:\/\/www.mobilfixarna.se\/index.php\/wp-json\/wp\/v2\/product_brand?post=2754"},{"taxonomy":"product_cat","embeddable":true,"href":"https:\/\/www.mobilfixarna.se\/index.php\/wp-json\/wp\/v2\/product_cat?post=2754"},{"taxonomy":"product_tag","embeddable":true,"href":"https:\/\/www.mobilfixarna.se\/index.php\/wp-json\/wp\/v2\/product_tag?post=2754"}],"curies":[{"name":"wp","href":"https:\/\/api.w.org\/{rel}","templated":true}]}}