{"id":2755,"date":"2025-09-03T21:09:38","date_gmt":"2025-09-03T19:09:38","guid":{"rendered":"https:\/\/www.mobilfixarna.se\/?post_type=product&#038;p=2755"},"modified":"2025-09-03T21:09:41","modified_gmt":"2025-09-03T19:09:41","slug":"apple-iphone-15-pro-byte-av-frontkamera-face-id-funkar-ej-16","status":"publish","type":"product","link":"https:\/\/www.mobilfixarna.se\/index.php\/produkt\/apple-iphone-15-pro-byte-av-frontkamera-face-id-funkar-ej-16\/","title":{"rendered":"Apple IPhone 15 Pro &#8211; Byte av frontkamera (Face-ID funkar ej)"},"content":{"rendered":"<p data-start=\"107\" data-end=\"319\">Har din iPhone 15 Pro problem med frontkameran? Vanliga orsaker \u00e4r fysiska skador, vattenintr\u00e5ng eller helt enkelt slitage \u00f6ver tid. V\u00e5ra tekniker byter snabbt ut frontkameran s\u00e5 att du \u00e5ter f\u00e5r en fullt fungerande kamera f\u00f6r selfies, videosamtal och appar.<\/p>\n<p>\u2139\ufe0f <strong data-start=\"480\" data-end=\"494\">Observera:<\/strong> Efter reparationen fungerar inte Face ID.<\/p>\n","protected":false},"excerpt":{"rendered":"<p>Har din iPhone 15 Pro problem med frontkameran? Vanliga orsaker \u00e4r fysiska skador, vattenintr\u00e5ng eller helt enkelt slitage \u00f6ver tid. V\u00e5ra tekniker byter snabbt ut frontkameran s\u00e5 att du \u00e5ter f\u00e5r en fullt fungerande kamera f\u00f6r selfies, videosamtal och appar. \u2139\ufe0f Observera: Efter reparationen fungerar inte Face ID.<\/p>\n","protected":false},"featured_media":2271,"comment_status":"open","ping_status":"closed","template":"","meta":[],"product_brand":[],"product_cat":[50],"product_tag":[],"class_list":{"0":"post-2755","1":"product","2":"type-product","3":"status-publish","4":"has-post-thumbnail","6":"product_cat-iphone-11-pro","8":"first","9":"instock","10":"shipping-taxable","11":"purchasable","12":"product-type-simple"},"_links":{"self":[{"href":"https:\/\/www.mobilfixarna.se\/index.php\/wp-json\/wp\/v2\/product\/2755","targetHints":{"allow":["GET"]}}],"collection":[{"href":"https:\/\/www.mobilfixarna.se\/index.php\/wp-json\/wp\/v2\/product"}],"about":[{"href":"https:\/\/www.mobilfixarna.se\/index.php\/wp-json\/wp\/v2\/types\/product"}],"replies":[{"embeddable":true,"href":"https:\/\/www.mobilfixarna.se\/index.php\/wp-json\/wp\/v2\/comments?post=2755"}],"version-history":[{"count":1,"href":"https:\/\/www.mobilfixarna.se\/index.php\/wp-json\/wp\/v2\/product\/2755\/revisions"}],"predecessor-version":[{"id":2764,"href":"https:\/\/www.mobilfixarna.se\/index.php\/wp-json\/wp\/v2\/product\/2755\/revisions\/2764"}],"wp:featuredmedia":[{"embeddable":true,"href":"https:\/\/www.mobilfixarna.se\/index.php\/wp-json\/wp\/v2\/media\/2271"}],"wp:attachment":[{"href":"https:\/\/www.mobilfixarna.se\/index.php\/wp-json\/wp\/v2\/media?parent=2755"}],"wp:term":[{"taxonomy":"product_brand","embeddable":true,"href":"https:\/\/www.mobilfixarna.se\/index.php\/wp-json\/wp\/v2\/product_brand?post=2755"},{"taxonomy":"product_cat","embeddable":true,"href":"https:\/\/www.mobilfixarna.se\/index.php\/wp-json\/wp\/v2\/product_cat?post=2755"},{"taxonomy":"product_tag","embeddable":true,"href":"https:\/\/www.mobilfixarna.se\/index.php\/wp-json\/wp\/v2\/product_tag?post=2755"}],"curies":[{"name":"wp","href":"https:\/\/api.w.org\/{rel}","templated":true}]}}