{"id":3040,"date":"2025-09-06T13:31:31","date_gmt":"2025-09-06T11:31:31","guid":{"rendered":"https:\/\/www.mobilfixarna.se\/?post_type=product&#038;p=3040"},"modified":"2026-02-20T14:40:16","modified_gmt":"2026-02-20T13:40:16","slug":"iphone-15-plus-skarmbyte-aftermarket-oled","status":"publish","type":"product","link":"https:\/\/www.mobilfixarna.se\/index.php\/produkt\/iphone-15-plus-skarmbyte-aftermarket-oled\/","title":{"rendered":"iPhone 15 Plus Sk\u00e4rmbyte \u2013 (Aftermarket Soft OLED)"},"content":{"rendered":"<p>Har sk\u00e4rmen p\u00e5 din iPhone 15 Plus spruckit, tappat touch-funktion eller visar felaktiga f\u00e4rger? D\u00e5 \u00e4r <strong>Aftermarket OLED<\/strong>\u00a0ett utm\u00e4rkt alternativ. Den ger b\u00e4ttre f\u00e4rger och kontrast \u00e4n LCD och Soft OLED, men \u00e4r inte i samma klass som original OLED. Ett bra mellanalternativ f\u00f6r dig som vill ha h\u00f6g kvalitet till ett rimligare pris.<\/p>\n<p>\u2139\ufe0f\u00a0<strong data-start=\"932\" data-end=\"946\">Observera:<\/strong>\u00a0Efter bytet kan ett meddelande visas i inst\u00e4llningarna om att sk\u00e4rmen inte \u00e4r en originaldel. Detta p\u00e5verkar inte telefonens funktion.<\/p>\n","protected":false},"excerpt":{"rendered":"<p>Har sk\u00e4rmen p\u00e5 din iPhone 15 Plus spruckit, tappat touch-funktion eller visar felaktiga f\u00e4rger? D\u00e5 \u00e4r Aftermarket OLED\u00a0ett utm\u00e4rkt alternativ. Den ger b\u00e4ttre f\u00e4rger och kontrast \u00e4n LCD och Soft OLED, men \u00e4r inte i samma klass som original OLED. Ett bra mellanalternativ f\u00f6r dig som vill ha h\u00f6g kvalitet till ett rimligare pris. \u2139\ufe0f\u00a0Observera:\u00a0Efter [&hellip;]<\/p>\n","protected":false},"featured_media":3067,"comment_status":"open","ping_status":"closed","template":"","meta":[],"product_brand":[],"product_cat":[65],"product_tag":[],"class_list":{"0":"post-3040","1":"product","2":"type-product","3":"status-publish","4":"has-post-thumbnail","6":"product_cat-iphone-15-plus","8":"first","9":"instock","10":"shipping-taxable","11":"purchasable","12":"product-type-simple"},"_links":{"self":[{"href":"https:\/\/www.mobilfixarna.se\/index.php\/wp-json\/wp\/v2\/product\/3040","targetHints":{"allow":["GET"]}}],"collection":[{"href":"https:\/\/www.mobilfixarna.se\/index.php\/wp-json\/wp\/v2\/product"}],"about":[{"href":"https:\/\/www.mobilfixarna.se\/index.php\/wp-json\/wp\/v2\/types\/product"}],"replies":[{"embeddable":true,"href":"https:\/\/www.mobilfixarna.se\/index.php\/wp-json\/wp\/v2\/comments?post=3040"}],"version-history":[{"count":3,"href":"https:\/\/www.mobilfixarna.se\/index.php\/wp-json\/wp\/v2\/product\/3040\/revisions"}],"predecessor-version":[{"id":3304,"href":"https:\/\/www.mobilfixarna.se\/index.php\/wp-json\/wp\/v2\/product\/3040\/revisions\/3304"}],"wp:featuredmedia":[{"embeddable":true,"href":"https:\/\/www.mobilfixarna.se\/index.php\/wp-json\/wp\/v2\/media\/3067"}],"wp:attachment":[{"href":"https:\/\/www.mobilfixarna.se\/index.php\/wp-json\/wp\/v2\/media?parent=3040"}],"wp:term":[{"taxonomy":"product_brand","embeddable":true,"href":"https:\/\/www.mobilfixarna.se\/index.php\/wp-json\/wp\/v2\/product_brand?post=3040"},{"taxonomy":"product_cat","embeddable":true,"href":"https:\/\/www.mobilfixarna.se\/index.php\/wp-json\/wp\/v2\/product_cat?post=3040"},{"taxonomy":"product_tag","embeddable":true,"href":"https:\/\/www.mobilfixarna.se\/index.php\/wp-json\/wp\/v2\/product_tag?post=3040"}],"curies":[{"name":"wp","href":"https:\/\/api.w.org\/{rel}","templated":true}]}}