{"id":3041,"date":"2025-09-06T13:31:31","date_gmt":"2025-09-06T11:31:31","guid":{"rendered":"https:\/\/www.mobilfixarna.se\/?post_type=product&#038;p=3041"},"modified":"2025-09-06T13:41:06","modified_gmt":"2025-09-06T11:41:06","slug":"iphone-15-plus-skarmbyte-original","status":"publish","type":"product","link":"https:\/\/www.mobilfixarna.se\/index.php\/produkt\/iphone-15-plus-skarmbyte-original\/","title":{"rendered":"iPhone 15 Plus Sk\u00e4rmbyte \u2013 Original"},"content":{"rendered":"<p data-start=\"159\" data-end=\"395\">Har sk\u00e4rmen p\u00e5 din iPhone 15 Plus spruckit, tappat touch-funktion eller visar felaktiga f\u00e4rger? D\u00e5 \u00e4r <strong data-start=\"264\" data-end=\"281\">Originalsk\u00e4rm<\/strong>\u00a0det b\u00e4sta alternativet. Den best\u00e5r av original LCD- och touch-panel fr\u00e5n Apple, kombinerad med tredjepartsglas.<\/p>\n<p data-start=\"397\" data-end=\"524\">Du f\u00e5r samma f\u00e4rger, ljusstyrka och touchrespons som en helt Apple-originalmonterad sk\u00e4rm \u2013 men till ett mer f\u00f6rm\u00e5nligt pris.<\/p>\n<p>\u2139\ufe0f\u00a0<strong data-start=\"932\" data-end=\"946\">Observera:<\/strong>\u00a0Efter bytet kan ett meddelande visas i inst\u00e4llningarna om att sk\u00e4rmen inte \u00e4r en originaldel. Detta p\u00e5verkar inte telefonens funktion.<\/p>\n","protected":false},"excerpt":{"rendered":"<p>Har sk\u00e4rmen p\u00e5 din iPhone 15 Plus spruckit, tappat touch-funktion eller visar felaktiga f\u00e4rger? D\u00e5 \u00e4r Originalsk\u00e4rm\u00a0det b\u00e4sta alternativet. Den best\u00e5r av original LCD- och touch-panel fr\u00e5n Apple, kombinerad med tredjepartsglas. Du f\u00e5r samma f\u00e4rger, ljusstyrka och touchrespons som en helt Apple-originalmonterad sk\u00e4rm \u2013 men till ett mer f\u00f6rm\u00e5nligt pris. \u2139\ufe0f\u00a0Observera:\u00a0Efter bytet kan ett meddelande [&hellip;]<\/p>\n","protected":false},"featured_media":3067,"comment_status":"open","ping_status":"closed","template":"","meta":[],"product_brand":[],"product_cat":[65],"product_tag":[],"class_list":{"0":"post-3041","1":"product","2":"type-product","3":"status-publish","4":"has-post-thumbnail","6":"product_cat-iphone-15-plus","8":"first","9":"instock","10":"shipping-taxable","11":"purchasable","12":"product-type-simple"},"_links":{"self":[{"href":"https:\/\/www.mobilfixarna.se\/index.php\/wp-json\/wp\/v2\/product\/3041","targetHints":{"allow":["GET"]}}],"collection":[{"href":"https:\/\/www.mobilfixarna.se\/index.php\/wp-json\/wp\/v2\/product"}],"about":[{"href":"https:\/\/www.mobilfixarna.se\/index.php\/wp-json\/wp\/v2\/types\/product"}],"replies":[{"embeddable":true,"href":"https:\/\/www.mobilfixarna.se\/index.php\/wp-json\/wp\/v2\/comments?post=3041"}],"version-history":[{"count":3,"href":"https:\/\/www.mobilfixarna.se\/index.php\/wp-json\/wp\/v2\/product\/3041\/revisions"}],"predecessor-version":[{"id":3071,"href":"https:\/\/www.mobilfixarna.se\/index.php\/wp-json\/wp\/v2\/product\/3041\/revisions\/3071"}],"wp:featuredmedia":[{"embeddable":true,"href":"https:\/\/www.mobilfixarna.se\/index.php\/wp-json\/wp\/v2\/media\/3067"}],"wp:attachment":[{"href":"https:\/\/www.mobilfixarna.se\/index.php\/wp-json\/wp\/v2\/media?parent=3041"}],"wp:term":[{"taxonomy":"product_brand","embeddable":true,"href":"https:\/\/www.mobilfixarna.se\/index.php\/wp-json\/wp\/v2\/product_brand?post=3041"},{"taxonomy":"product_cat","embeddable":true,"href":"https:\/\/www.mobilfixarna.se\/index.php\/wp-json\/wp\/v2\/product_cat?post=3041"},{"taxonomy":"product_tag","embeddable":true,"href":"https:\/\/www.mobilfixarna.se\/index.php\/wp-json\/wp\/v2\/product_tag?post=3041"}],"curies":[{"name":"wp","href":"https:\/\/api.w.org\/{rel}","templated":true}]}}