{"id":3043,"date":"2025-09-06T13:31:31","date_gmt":"2025-09-06T11:31:31","guid":{"rendered":"https:\/\/www.mobilfixarna.se\/?post_type=product&#038;p=3043"},"modified":"2025-09-06T13:54:46","modified_gmt":"2025-09-06T11:54:46","slug":"iphone-15-plus-byte-av-baksida-holje-glaset-med-olika-fargar","status":"publish","type":"product","link":"https:\/\/www.mobilfixarna.se\/index.php\/produkt\/iphone-15-plus-byte-av-baksida-holje-glaset-med-olika-fargar\/","title":{"rendered":"iPhone 15 Plus Byte av baksida\/h\u00f6lje (Glaset med olika f\u00e4rgar)"},"content":{"rendered":"<p>Har baksidan p\u00e5 din iPhone 15 Plus spruckit eller f\u00e5tt skador? Vi fixar det! V\u00e5ra tekniker byter ut bakglaset mot en ny baksida av h\u00f6g kvalitet som g\u00f6r att din iPhone ser ut som ny igen.<\/p>\n","protected":false},"excerpt":{"rendered":"<p>Har baksidan p\u00e5 din iPhone 15 Plus spruckit eller f\u00e5tt skador? Vi fixar det! V\u00e5ra tekniker byter ut bakglaset mot en ny baksida av h\u00f6g kvalitet som g\u00f6r att din iPhone ser ut som ny igen.<\/p>\n","protected":false},"featured_media":3075,"comment_status":"open","ping_status":"closed","template":"","meta":[],"product_brand":[],"product_cat":[65],"product_tag":[],"class_list":{"0":"post-3043","1":"product","2":"type-product","3":"status-publish","4":"has-post-thumbnail","6":"product_cat-iphone-15-plus","8":"first","9":"instock","10":"shipping-taxable","11":"purchasable","12":"product-type-simple"},"_links":{"self":[{"href":"https:\/\/www.mobilfixarna.se\/index.php\/wp-json\/wp\/v2\/product\/3043","targetHints":{"allow":["GET"]}}],"collection":[{"href":"https:\/\/www.mobilfixarna.se\/index.php\/wp-json\/wp\/v2\/product"}],"about":[{"href":"https:\/\/www.mobilfixarna.se\/index.php\/wp-json\/wp\/v2\/types\/product"}],"replies":[{"embeddable":true,"href":"https:\/\/www.mobilfixarna.se\/index.php\/wp-json\/wp\/v2\/comments?post=3043"}],"version-history":[{"count":3,"href":"https:\/\/www.mobilfixarna.se\/index.php\/wp-json\/wp\/v2\/product\/3043\/revisions"}],"predecessor-version":[{"id":3076,"href":"https:\/\/www.mobilfixarna.se\/index.php\/wp-json\/wp\/v2\/product\/3043\/revisions\/3076"}],"wp:featuredmedia":[{"embeddable":true,"href":"https:\/\/www.mobilfixarna.se\/index.php\/wp-json\/wp\/v2\/media\/3075"}],"wp:attachment":[{"href":"https:\/\/www.mobilfixarna.se\/index.php\/wp-json\/wp\/v2\/media?parent=3043"}],"wp:term":[{"taxonomy":"product_brand","embeddable":true,"href":"https:\/\/www.mobilfixarna.se\/index.php\/wp-json\/wp\/v2\/product_brand?post=3043"},{"taxonomy":"product_cat","embeddable":true,"href":"https:\/\/www.mobilfixarna.se\/index.php\/wp-json\/wp\/v2\/product_cat?post=3043"},{"taxonomy":"product_tag","embeddable":true,"href":"https:\/\/www.mobilfixarna.se\/index.php\/wp-json\/wp\/v2\/product_tag?post=3043"}],"curies":[{"name":"wp","href":"https:\/\/api.w.org\/{rel}","templated":true}]}}