{"id":3047,"date":"2025-09-06T13:31:32","date_gmt":"2025-09-06T11:31:32","guid":{"rendered":"https:\/\/www.mobilfixarna.se\/?post_type=product&#038;p=3047"},"modified":"2025-09-06T13:38:40","modified_gmt":"2025-09-06T11:38:40","slug":"iphone-15-plus-reparation-av-samtalshogtalare","status":"publish","type":"product","link":"https:\/\/www.mobilfixarna.se\/index.php\/produkt\/iphone-15-plus-reparation-av-samtalshogtalare\/","title":{"rendered":"iPhone 15 Plus Reparation av samtalsh\u00f6gtalare"},"content":{"rendered":"<p>Har ljudet i din iPhone 15 Plus blivit svagt, f\u00f6rvr\u00e4ngt eller helt slutat fungera vid samtal? Vi l\u00f6ser det! V\u00e5ra erfarna tekniker byter ut samtalsh\u00f6gtalare mot en h\u00f6gkvalitativ reservdel s\u00e5 att du kan h\u00f6ra samtal tydligt och klart igen. Efter reparationen fungerar din iPhone som den ska \u2013 med kristallklart ljud i varje samtal<\/p>\n","protected":false},"excerpt":{"rendered":"<p>Har ljudet i din iPhone 15 Plus blivit svagt, f\u00f6rvr\u00e4ngt eller helt slutat fungera vid samtal? Vi l\u00f6ser det! V\u00e5ra erfarna tekniker byter ut samtalsh\u00f6gtalare mot en h\u00f6gkvalitativ reservdel s\u00e5 att du kan h\u00f6ra samtal tydligt och klart igen. Efter reparationen fungerar din iPhone som den ska \u2013 med kristallklart ljud i varje samtal<\/p>\n","protected":false},"featured_media":2288,"comment_status":"open","ping_status":"closed","template":"","meta":[],"product_brand":[],"product_cat":[65],"product_tag":[],"class_list":{"0":"post-3047","1":"product","2":"type-product","3":"status-publish","4":"has-post-thumbnail","6":"product_cat-iphone-15-plus","8":"first","9":"instock","10":"shipping-taxable","11":"purchasable","12":"product-type-simple"},"_links":{"self":[{"href":"https:\/\/www.mobilfixarna.se\/index.php\/wp-json\/wp\/v2\/product\/3047","targetHints":{"allow":["GET"]}}],"collection":[{"href":"https:\/\/www.mobilfixarna.se\/index.php\/wp-json\/wp\/v2\/product"}],"about":[{"href":"https:\/\/www.mobilfixarna.se\/index.php\/wp-json\/wp\/v2\/types\/product"}],"replies":[{"embeddable":true,"href":"https:\/\/www.mobilfixarna.se\/index.php\/wp-json\/wp\/v2\/comments?post=3047"}],"version-history":[{"count":3,"href":"https:\/\/www.mobilfixarna.se\/index.php\/wp-json\/wp\/v2\/product\/3047\/revisions"}],"predecessor-version":[{"id":3066,"href":"https:\/\/www.mobilfixarna.se\/index.php\/wp-json\/wp\/v2\/product\/3047\/revisions\/3066"}],"wp:featuredmedia":[{"embeddable":true,"href":"https:\/\/www.mobilfixarna.se\/index.php\/wp-json\/wp\/v2\/media\/2288"}],"wp:attachment":[{"href":"https:\/\/www.mobilfixarna.se\/index.php\/wp-json\/wp\/v2\/media?parent=3047"}],"wp:term":[{"taxonomy":"product_brand","embeddable":true,"href":"https:\/\/www.mobilfixarna.se\/index.php\/wp-json\/wp\/v2\/product_brand?post=3047"},{"taxonomy":"product_cat","embeddable":true,"href":"https:\/\/www.mobilfixarna.se\/index.php\/wp-json\/wp\/v2\/product_cat?post=3047"},{"taxonomy":"product_tag","embeddable":true,"href":"https:\/\/www.mobilfixarna.se\/index.php\/wp-json\/wp\/v2\/product_tag?post=3047"}],"curies":[{"name":"wp","href":"https:\/\/api.w.org\/{rel}","templated":true}]}}